{"id":481,"date":"2019-09-05T10:23:51","date_gmt":"2019-09-05T10:23:51","guid":{"rendered":"http:\/\/physiozentrum-huether.de\/?page_id=481"},"modified":"2025-11-17T13:29:43","modified_gmt":"2025-11-17T13:29:43","slug":"start","status":"publish","type":"page","link":"https:\/\/physiozentrum-huether.de\/","title":{"rendered":"Start"},"content":{"rendered":"<div id='full_slider_1' class='avia-fullwidth-slider main_color avia-shadow   avia-builder-el-0  el_before_av_section  avia-builder-el-first   container_wrap fullsize' style=' '  ><div  data-size='featured'  data-lightbox_size='large'  data-animation='fade'  data-conditional_play=''  data-ids='717,739,712,616'  data-video_counter='0'  data-autoplay='false'  data-bg_slider='false'  data-slide_height=''  data-handle='av_slideshow_full'  data-interval='5'  data-class=' '  data-css_id=''  data-scroll_down=''  data-control_layout='av-control-minimal'  data-custom_markup=''  data-perma_caption=''  data-autoplay_stopper=''  data-image_attachment=''  data-min_height='0px'  data-src=''  data-position='top left'  data-repeat='no-repeat'  data-attach='scroll'  data-stretch=''  data-default-height='28.666666666667'  class='avia-slideshow avia-slideshow-1  av-control-minimal av-default-height-applied avia-slideshow-featured av_slideshow_full   avia-fade-slider '  itemprop=\"image\" itemscope=\"itemscope\" itemtype=\"https:\/\/schema.org\/ImageObject\" ><ul class='avia-slideshow-inner ' style='padding-bottom: 28.666666666667%;' ><li  class=' slide-1 ' ><div data-rel='slideshow-1' class='avia-slide-wrap '   ><img src='https:\/\/physiozentrum-huether.de\/wp-content\/uploads\/2022\/03\/Theke-1-Klein-1500x430.jpg' width='1500' height='430' title='Theke 1 Klein' alt=''  itemprop=\"thumbnailUrl\"   \/><\/div><\/li><li  class=' slide-2 ' ><div data-rel='slideshow-1' class='avia-slide-wrap '   ><img src='https:\/\/physiozentrum-huether.de\/wp-content\/uploads\/2022\/07\/Studio-1-Kopie-1500x430.jpg' width='1500' height='430' title='Studio 1' alt=''  itemprop=\"thumbnailUrl\"   \/><\/div><\/li><li  class=' slide-3 ' ><div data-rel='slideshow-1' class='avia-slide-wrap '   ><img src='https:\/\/physiozentrum-huether.de\/wp-content\/uploads\/2022\/03\/Behandlung-1-1500x430.jpg' width='1500' height='430' title='Behandlung 1' alt=''  itemprop=\"thumbnailUrl\"   \/><\/div><\/li><li  class=' slide-4 ' ><div data-rel='slideshow-1' class='avia-slide-wrap '   ><img src='https:\/\/physiozentrum-huether.de\/wp-content\/uploads\/2019\/09\/Behandlung-1-1500x430.jpg' width='1500' height='430' title='Behandlung 1' alt=''  itemprop=\"thumbnailUrl\"   \/><\/div><\/li><\/ul><div class='avia-slideshow-arrows avia-slideshow-controls'><a href='#prev' class='prev-slide' aria-hidden='true' data-av_icon='\ue87c' data-av_iconfont='entypo-fontello'>Zur\u00fcck<\/a><a href='#next' class='next-slide' aria-hidden='true' data-av_icon='\ue87d' data-av_iconfont='entypo-fontello'>Weiter<\/a><\/div><div class='avia-slideshow-dots avia-slideshow-controls'><a href='#1' class='goto-slide active' >1<\/a><a href='#2' class='goto-slide ' >2<\/a><a href='#3' class='goto-slide ' >3<\/a><a href='#4' class='goto-slide ' >4<\/a><\/div><\/div><\/div>\n<div id='av_section_1' class='avia-section main_color avia-section-huge avia-no-border-styling avia-bg-style-scroll  avia-builder-el-1  el_after_av_slideshow_full  el_before_av_section   container_wrap fullsize' style=' '  ><div class='container' ><div class='template-page content  av-content-full alpha units'><div class='post-entry post-entry-type-page post-entry-481'><div class='entry-content-wrapper clearfix'>\n<div style='padding-bottom:20px; font-size:40px;' class='av-special-heading av-special-heading-h1  blockquote modern-quote modern-centered  avia-builder-el-2  el_before_av_one_fifth  avia-builder-el-first   av-inherit-size '><h1 class='av-special-heading-tag '  itemprop=\"headline\"  >Physiozentrum H\u00fcther in Geisenfeld und Vohburg.  &#8211;<br \/> Ihr Partner f\u00fcr Gesundheit und Wohlbefinden<\/h1><div class='special-heading-border'><div class='special-heading-inner-border' ><\/div><\/div><\/div>\n<div class=\"flex_column av_one_fifth  flex_column_div av-zero-column-padding first  avia-builder-el-3  el_after_av_heading  el_before_av_three_fifth  \" style='border-radius:0px; '><\/div><div class=\"flex_column av_three_fifth  av-animated-generic bottom-to-top  flex_column_div av-zero-column-padding   avia-builder-el-4  el_after_av_one_fifth  el_before_av_one_fifth  \" style='border-radius:0px; '><section class=\"av_textblock_section \"  itemscope=\"itemscope\" itemtype=\"https:\/\/schema.org\/CreativeWork\" ><div class='avia_textblock  '   itemprop=\"text\" ><p style=\"text-align: center;\">Geisenfeld Vohburg Langenbruck Wolnzach Pfaffenhofen Manching<\/p>\n<\/div><\/section><br \/>\n<div style=' margin-top:30px; margin-bottom:30px;'  class='hr hr-custom hr-center hr-icon-no   avia-builder-el-6  el_after_av_textblock  avia-builder-el-last  '><span class='hr-inner   inner-border-av-border-none' style=' width:90px;' ><span class='hr-inner-style'><\/span><\/span><\/div><\/p><\/div><div class=\"flex_column av_one_fifth  flex_column_div av-zero-column-padding   avia-builder-el-7  el_after_av_three_fifth  el_before_av_textblock  \" style='border-radius:0px; '><\/div><section class=\"av_textblock_section \"  itemscope=\"itemscope\" itemtype=\"https:\/\/schema.org\/CreativeWork\" ><div class='avia_textblock  '   itemprop=\"text\" ><h4 style=\"text-align: center;\">Ihre Gesundheit liegt uns am Herzen.<\/h4>\n<h4 style=\"text-align: center;\">Unser ganzheitlicher Behandlungsansatz bietet Ihnen ein umfassendes Leistungsprogramm &#8211; von der Krankengymnastik bis zum vorbeugenden Ger\u00e4tetraining.<\/h4>\n<\/div><\/section>\n<div style=' margin-top:70px; margin-bottom:70px;'  class='hr hr-custom hr-center hr-icon-yes   avia-builder-el-9  el_after_av_textblock  el_before_av_one_half  '><span class='hr-inner   inner-border-av-border-thin' style=' width:600px;' ><span class='hr-inner-style'><\/span><\/span><span class='av-seperator-icon' style='color:#47c737;' aria-hidden='true' data-av_icon='\ue8b8' data-av_iconfont='entypo-fontello'><\/span><span class='hr-inner   inner-border-av-border-thin' style=' width:600px;' ><span class='hr-inner-style'><\/span><\/span><\/div>\n<div class=\"flex_column av_one_half  flex_column_div av-zero-column-padding first  avia-builder-el-10  el_after_av_hr  el_before_av_one_half  \" style='border-radius:0px; '><div class='avia-image-container  av-styling-  noHover  av-overlay-on-hover   avia-builder-el-11  avia-builder-el-no-sibling   avia-align-center '  itemprop=\"image\" itemscope=\"itemscope\" itemtype=\"https:\/\/schema.org\/ImageObject\"  ><div class='avia-image-container-inner'><div class='avia-image-overlay-wrap'><div class='av-image-caption-overlay'><div class='av-caption-image-overlay-bg' style='opacity:0.8; background-color:rgba(83,191,68,0.81); '><\/div><div class='av-image-caption-overlay-position'><div class='av-image-caption-overlay-center' style='color:#ffffff; font-size:21px; '><p>Praxis Vohburg<\/p>\n<\/div><\/div><\/div><img class='avia_image' src='https:\/\/physiozentrum-huether.de\/wp-content\/uploads\/2022\/03\/Theke-1-Klein-1030x687.jpg' alt='' title='Theke 1 Klein' height=\"687\" width=\"1030\"  itemprop=\"thumbnailUrl\"  \/><\/div><\/div><\/div><\/div><div class=\"flex_column av_one_half  flex_column_div av-zero-column-padding   avia-builder-el-12  el_after_av_one_half  el_before_av_hr  \" style='border-radius:0px; '><div class='avia-image-container  av-styling-    avia-builder-el-13  avia-builder-el-no-sibling   avia-align-center '  itemprop=\"image\" itemscope=\"itemscope\" itemtype=\"https:\/\/schema.org\/ImageObject\"  ><div class='avia-image-container-inner'><div class='avia-image-overlay-wrap'><img class='avia_image' src='https:\/\/physiozentrum-huether.de\/wp-content\/uploads\/2024\/02\/IMG_1229-1030x773.jpg' alt='' title='IMG_1229' height=\"773\" width=\"1030\"  itemprop=\"thumbnailUrl\"  \/><\/div><\/div><\/div><\/div><div style=' margin-top:70px; margin-bottom:70px;'  class='hr hr-custom hr-center hr-icon-yes   avia-builder-el-14  el_after_av_one_half  el_before_av_one_third  '><span class='hr-inner   inner-border-av-border-thin' style=' width:600px;' ><span class='hr-inner-style'><\/span><\/span><span class='av-seperator-icon' style='color:#47c737;' aria-hidden='true' data-av_icon='\ue8b8' data-av_iconfont='entypo-fontello'><\/span><span class='hr-inner   inner-border-av-border-thin' style=' width:600px;' ><span class='hr-inner-style'><\/span><\/span><\/div>\n<div class=\"flex_column av_one_third  av-animated-generic bottom-to-top  flex_column_div av-zero-column-padding first  avia-builder-el-15  el_after_av_hr  el_before_av_one_third  \" style='border-radius:0px; '><p><div class='avia-image-container  av-styling-no-styling av-hover-grow   avia-builder-el-16  el_before_av_image  avia-builder-el-first   avia-align-center '  itemprop=\"image\" itemscope=\"itemscope\" itemtype=\"https:\/\/schema.org\/ImageObject\"  ><div class='avia-image-container-inner'><div class='avia-image-overlay-wrap'><a href='https:\/\/physiozentrum-huether.de\/?page_id=154' class='avia_image'  ><img class='avia_image ' src='https:\/\/physiozentrum-huether.de\/wp-content\/uploads\/2019\/08\/shutterstock_141410419-201x300.jpg' alt='' title='shutterstock_141410419'  itemprop=\"thumbnailUrl\"  \/><\/a><\/div><\/div><\/div><br \/>\n<br \/>\n<div style='padding-bottom:10px; ' class='av-special-heading av-special-heading-h2  blockquote modern-quote  avia-builder-el-18  el_after_av_image  el_before_av_textblock   '><h2 class='av-special-heading-tag '  itemprop=\"headline\"  >Krankengymnastik<\/h2><div class='special-heading-border'><div class='special-heading-inner-border' ><\/div><\/div><\/div><br \/>\n<section class=\"av_textblock_section \"  itemscope=\"itemscope\" itemtype=\"https:\/\/schema.org\/CreativeWork\" ><div class='avia_textblock  '   itemprop=\"text\" ><p>Diese Therapieform ist zur Wiederherstellung, Verbesserung und Erhaltung der Bewegungs- und Funktionsf\u00e4higkeit des K\u00f6rpers entstanden. Muskelkr\u00e4ftigende, &#8230;<\/p>\n<p><a href=\"https:\/\/physiozentrum-huether.de\/?page_id=154\">mehr&#8230;<\/a><\/p>\n<\/div><\/section><\/p><\/div><div class=\"flex_column av_one_third  av-animated-generic bottom-to-top  flex_column_div av-zero-column-padding   avia-builder-el-20  el_after_av_one_third  el_before_av_one_third  \" style='border-radius:0px; '><p><div class='avia-image-container  av-styling-no-styling av-hover-grow   avia-builder-el-21  el_before_av_heading  avia-builder-el-first   avia-align-center '  itemprop=\"image\" itemscope=\"itemscope\" itemtype=\"https:\/\/schema.org\/ImageObject\"  ><div class='avia-image-container-inner'><div class='avia-image-overlay-wrap'><a href='https:\/\/physiozentrum-huether.de\/?page_id=154' class='avia_image'  ><img class='avia_image ' src='https:\/\/physiozentrum-huether.de\/wp-content\/uploads\/2019\/08\/shutterstock_150625364-300x300.jpg' alt='' title='shutterstock_150625364'  itemprop=\"thumbnailUrl\"  \/><\/a><\/div><\/div><\/div><br \/>\n<div style='padding-bottom:10px; ' class='av-special-heading av-special-heading-h2  blockquote modern-quote  avia-builder-el-22  el_after_av_image  el_before_av_textblock   '><h2 class='av-special-heading-tag '  itemprop=\"headline\"  >Manuelle Therapie<\/h2><div class='special-heading-border'><div class='special-heading-inner-border' ><\/div><\/div><\/div><br \/>\n<section class=\"av_textblock_section \"  itemscope=\"itemscope\" itemtype=\"https:\/\/schema.org\/CreativeWork\" ><div class='avia_textblock  '   itemprop=\"text\" ><p>Als eine Sonderform der krankengymnastischen Behandlung, wirkt sie auf Nerven, Muskeln und Gelenke, um z.B. Blockaden zu l\u00f6sen, eingeschr\u00e4nkte Beweglichkeiten\u00a0&#8230;<\/p>\n<p><a href=\"https:\/\/physiozentrum-huether.de\/?page_id=154\">mehr&#8230;<\/a><\/p>\n<\/div><\/section><\/p><\/div><div class=\"flex_column av_one_third  av-animated-generic bottom-to-top  flex_column_div av-zero-column-padding   avia-builder-el-24  el_after_av_one_third  avia-builder-el-last  \" style='border-radius:0px; '><p><div class='avia-image-container  av-styling-no-styling av-hover-grow   avia-builder-el-25  el_before_av_image  avia-builder-el-first   avia-align-center '  itemprop=\"image\" itemscope=\"itemscope\" itemtype=\"https:\/\/schema.org\/ImageObject\"  ><div class='avia-image-container-inner'><div class='avia-image-overlay-wrap'><a href='https:\/\/physiozentrum-huether.de\/?page_id=154' class='avia_image'  ><img class='avia_image ' src='https:\/\/physiozentrum-huether.de\/wp-content\/uploads\/2019\/09\/Yoga-_Zeichenfl\u00e4che-1.jpg' alt='' title='Yoga _Zeichenfl\u00e4che 1'  itemprop=\"thumbnailUrl\"  \/><\/a><\/div><\/div><\/div><br \/>\n<br \/>\n<div style='padding-bottom:10px; ' class='av-special-heading av-special-heading-h2  blockquote modern-quote  avia-builder-el-27  el_after_av_image  el_before_av_textblock   '><h2 class='av-special-heading-tag '  itemprop=\"headline\"  >Weitere Behandlungen<\/h2><div class='special-heading-border'><div class='special-heading-inner-border' ><\/div><\/div><\/div><br \/>\n<section class=\"av_textblock_section \"  itemscope=\"itemscope\" itemtype=\"https:\/\/schema.org\/CreativeWork\" ><div class='avia_textblock  '   itemprop=\"text\" ><p>Wir bieten in unserer Praxis noch eine Vielzahl an Behandlungstechniken an, f\u00fcr weitere ausf\u00fchrliche Informationen klicken Sie bitte<\/p>\n<p><a href=\"https:\/\/physiozentrum-huether.de\/?page_id=154\">hier&#8230;<\/a><\/p>\n<\/div><\/section><\/p><\/div>\n\n<\/div><\/div><\/div><!-- close content main div --><\/div><\/div><div id='av_section_2' class='avia-section main_color avia-section-large avia-no-border-styling avia-bg-style-scroll  avia-builder-el-29  el_after_av_section  el_before_av_section    container_wrap fullsize' style='background-color: rgba(83,191,68,0.81);  '  ><div class='container' ><div class='template-page content  av-content-full alpha units'><div class='post-entry post-entry-type-page post-entry-481'><div class='entry-content-wrapper clearfix'>\n<div class=\"flex_column av_one_fifth  flex_column_div av-zero-column-padding first  avia-builder-el-30  el_before_av_three_fifth  avia-builder-el-first  \" style='border-radius:0px; '><div style=' margin-top:70px; margin-bottom:70px;'  class='hr hr-custom hr-center hr-icon-yes   avia-builder-el-31  avia-builder-el-no-sibling  '><span class='hr-inner   inner-border-av-border-thin' style=' width:90px;' ><span class='hr-inner-style'><\/span><\/span><span class='av-seperator-icon' style='color:#ffffff;' aria-hidden='true' data-av_icon='\ue8b8' data-av_iconfont='entypo-fontello'><\/span><span class='hr-inner   inner-border-av-border-thin' style=' width:90px;' ><span class='hr-inner-style'><\/span><\/span><\/div><\/div><div class=\"flex_column av_three_fifth  av-animated-generic bottom-to-top  flex_column_div av-zero-column-padding   avia-builder-el-32  el_after_av_one_fifth  el_before_av_one_fifth  \" style='border-radius:0px; '><p><div style='padding-bottom:20px; color:#ffffff;font-size:25px;' class='av-special-heading av-special-heading-h1 custom-color-heading blockquote modern-quote modern-centered  avia-builder-el-33  el_before_av_contact  avia-builder-el-first   av-inherit-size '><h1 class='av-special-heading-tag '  itemprop=\"headline\"  >Schicken Sie uns Ihre Nachricht<\/h1><div class='special-heading-border'><div class='special-heading-inner-border' style='border-color:#ffffff'><\/div><\/div><\/div><br \/>\n<form action=\"https:\/\/physiozentrum-huether.de\/\" method=\"post\"  class=\"avia_ajax_form av-form-labels-hidden   avia-builder-el-34  el_after_av_heading  avia-builder-el-last   av-centered-form  av-custom-form-color av-light-form \" data-avia-form-id=\"1\" data-avia-redirect=''><fieldset><p class=' first_form  form_element form_element_third' id='element_avia_1_1'> <input name=\"avia_1_1\" class=\"text_input is_empty\" type=\"text\" id=\"avia_1_1\" value=\"\"  placeholder='Name*'\/><\/p><p class=' form_element form_element_third' id='element_avia_2_1'> <input name=\"avia_2_1\" class=\"text_input \" type=\"text\" id=\"avia_2_1\" value=\"\"  placeholder='E-Mail'\/><\/p><p class=' form_element form_element_third' id='element_avia_3_1'> <input name=\"avia_3_1\" class=\"text_input is_empty\" type=\"text\" id=\"avia_3_1\" value=\"\"  placeholder='Telefonnummer*'\/><\/p><p class=' first_form  form_element form_fullwidth' id='element_avia_4_1'> <input name=\"avia_4_1\" class=\"text_input is_empty\" type=\"text\" id=\"avia_4_1\" value=\"\"  placeholder='Ihre Nachricht*'\/><\/p><p class=' first_form  form_element form_element_third av-last-visible-form-element' id='element_avia_5_1'> <select  name=\"avia_5_1\" class=\"select \" id=\"avia_5_1\"><option  value =''>F\u00fcr welche Praxis ist Ihr Anliegen?<\/option><option  value ='Geisenfeld'>Geisenfeld<\/option><option  value ='Vohburg'>Vohburg<\/option><\/select><\/p><p class=\"hidden\"><input type=\"text\" name=\"avia_6_1\" class=\"hidden \" id=\"avia_6_1\" value=\"\" \/><\/p><p class=\"form_element form_element_two_third modified_width\"><input type=\"hidden\" value=\"1\" name=\"avia_generated_form1\" \/><input type=\"submit\" value=\"Senden\" class=\"button\"  data-sending-label=\"Sende\"\/><\/p><\/fieldset><\/form><div id=\"ajaxresponse_1\" class=\"ajaxresponse ajaxresponse_1 hidden\"><\/div><\/p><\/div><div class=\"flex_column av_one_fifth  flex_column_div av-zero-column-padding   avia-builder-el-35  el_after_av_three_fifth  avia-builder-el-last  \" style='border-radius:0px; '><div style=' margin-top:70px; margin-bottom:70px;'  class='hr hr-custom hr-center hr-icon-yes   avia-builder-el-36  avia-builder-el-no-sibling  '><span class='hr-inner   inner-border-av-border-thin' style=' width:90px;' ><span class='hr-inner-style'><\/span><\/span><span class='av-seperator-icon' style='color:#ffffff;' aria-hidden='true' data-av_icon='\ue8b8' data-av_iconfont='entypo-fontello'><\/span><span class='hr-inner   inner-border-av-border-thin' style=' width:90px;' ><span class='hr-inner-style'><\/span><\/span><\/div><\/div>\n\n<\/div><\/div><\/div><!-- close content main div --><\/div><\/div><div id='av_section_3' class='avia-section main_color avia-section-huge avia-no-border-styling avia-bg-style-scroll  avia-builder-el-37  el_after_av_section  avia-builder-el-last   container_wrap fullsize' style=' '  ><div class='container' ><div class='template-page content  av-content-full alpha units'><div class='post-entry post-entry-type-page post-entry-481'><div class='entry-content-wrapper clearfix'>\n<div style='height:80px' class='hr hr-invisible   avia-builder-el-38  el_before_av_masonry_gallery  avia-builder-el-no-sibling '><span class='hr-inner ' ><span class='hr-inner-style'><\/span><\/span><\/div>\n<div id='av-masonry-1' class='av-masonry  noHover av-fixed-size av-large-gap av-hover-overlay-active av-masonry-animation-active av-masonry-col-3 av-caption-always av-caption-style- av-masonry-gallery     '  ><div class='av-masonry-container isotope av-js-disabled ' ><div class='av-masonry-entry isotope-item av-masonry-item-no-image '><\/div><a href=\"https:\/\/physiozentrum-huether.de\/wp-content\/uploads\/2022\/03\/Theke-1-Klein-1030x687.jpg\" id='av-masonry-1-item-717' data-av-masonry-item='717' class='av-masonry-entry isotope-item post-717 attachment type-attachment status-inherit hentry  av-masonry-item-with-image' title=\"Theke 1 Klein\"  itemprop=\"thumbnailUrl\" ><div class='av-inner-masonry-sizer'><\/div><figure class='av-inner-masonry main_color'><div class=\"av-masonry-outerimage-container\"><div class=\"av-masonry-image-container\" style=\"background-image: url(https:\/\/physiozentrum-huether.de\/wp-content\/uploads\/2022\/03\/Theke-1-Klein-705x470.jpg);\" title=\"Theke 1 Klein\" ><\/div><\/div><\/figure><\/a><!--end av-masonry entry--><a href=\"https:\/\/physiozentrum-huether.de\/wp-content\/uploads\/2022\/03\/Behandlung-2-klein-1030x678.jpg\" id='av-masonry-1-item-716' data-av-masonry-item='716' class='av-masonry-entry isotope-item post-716 attachment type-attachment status-inherit hentry  av-masonry-item-with-image' title=\"Behandlung 2 klein\"  itemprop=\"thumbnailUrl\" ><div class='av-inner-masonry-sizer'><\/div><figure class='av-inner-masonry main_color'><div class=\"av-masonry-outerimage-container\"><div class=\"av-masonry-image-container\" style=\"background-image: url(https:\/\/physiozentrum-huether.de\/wp-content\/uploads\/2022\/03\/Behandlung-2-klein-705x464.jpg);\" title=\"Behandlung 2 klein\" ><\/div><\/div><\/figure><\/a><!--end av-masonry entry--><a href=\"https:\/\/physiozentrum-huether.de\/wp-content\/uploads\/2019\/07\/Behandlung-1-1030x657.jpg\" id='av-masonry-1-item-34' data-av-masonry-item='34' class='av-masonry-entry isotope-item post-34 attachment type-attachment status-inherit hentry  av-masonry-item-with-image' title=\"Behandlung 1\"  itemprop=\"thumbnailUrl\" ><div class='av-inner-masonry-sizer'><\/div><figure class='av-inner-masonry main_color'><div class=\"av-masonry-outerimage-container\"><div class=\"av-masonry-image-container\" style=\"background-image: url(https:\/\/physiozentrum-huether.de\/wp-content\/uploads\/2019\/07\/Behandlung-1-705x450.jpg);\" title=\"Behandlung 1\" ><\/div><\/div><\/figure><\/a><!--end av-masonry entry--><a href=\"https:\/\/physiozentrum-huether.de\/wp-content\/uploads\/2019\/07\/80E_2066-1030x734.jpg\" id='av-masonry-1-item-32' data-av-masonry-item='32' class='av-masonry-entry isotope-item post-32 attachment type-attachment status-inherit hentry  av-masonry-item-with-image' title=\"80E_2066\"  itemprop=\"thumbnailUrl\" ><div class='av-inner-masonry-sizer'><\/div><figure class='av-inner-masonry main_color'><div class=\"av-masonry-outerimage-container\"><div class=\"av-masonry-image-container\" style=\"background-image: url(https:\/\/physiozentrum-huether.de\/wp-content\/uploads\/2019\/07\/80E_2066-705x503.jpg);\" title=\"80E_2066\" ><\/div><\/div><\/figure><\/a><!--end av-masonry entry--><a href=\"https:\/\/physiozentrum-huether.de\/wp-content\/uploads\/2022\/03\/Behandlung-1-klein-1030x680.jpg\" id='av-masonry-1-item-715' data-av-masonry-item='715' class='av-masonry-entry isotope-item post-715 attachment type-attachment status-inherit hentry  av-masonry-item-with-image' title=\"Behandlung 1 klein\"  itemprop=\"thumbnailUrl\" ><div class='av-inner-masonry-sizer'><\/div><figure class='av-inner-masonry main_color'><div class=\"av-masonry-outerimage-container\"><div class=\"av-masonry-image-container\" style=\"background-image: url(https:\/\/physiozentrum-huether.de\/wp-content\/uploads\/2022\/03\/Behandlung-1-klein-705x465.jpg);\" title=\"Behandlung 1 klein\" ><\/div><\/div><\/figure><\/a><!--end av-masonry entry--><a href=\"https:\/\/physiozentrum-huether.de\/wp-content\/uploads\/2019\/07\/Eingang-1030x681.jpg\" id='av-masonry-1-item-29' data-av-masonry-item='29' class='av-masonry-entry isotope-item post-29 attachment type-attachment status-inherit hentry  av-masonry-item-with-image' title=\"Eingang\"  itemprop=\"thumbnailUrl\" ><div class='av-inner-masonry-sizer'><\/div><figure class='av-inner-masonry main_color'><div class=\"av-masonry-outerimage-container\"><div class=\"av-masonry-image-container\" style=\"background-image: url(https:\/\/physiozentrum-huether.de\/wp-content\/uploads\/2019\/07\/Eingang-705x466.jpg);\" title=\"Eingang\" ><\/div><\/div><\/figure><\/a><!--end av-masonry entry--><\/div><\/div>\n\n","protected":false},"excerpt":{"rendered":"","protected":false},"author":1,"featured_media":0,"parent":0,"menu_order":0,"comment_status":"closed","ping_status":"closed","template":"","meta":{"footnotes":""},"class_list":["post-481","page","type-page","status-publish","hentry"],"_links":{"self":[{"href":"https:\/\/physiozentrum-huether.de\/index.php?rest_route=\/wp\/v2\/pages\/481","targetHints":{"allow":["GET"]}}],"collection":[{"href":"https:\/\/physiozentrum-huether.de\/index.php?rest_route=\/wp\/v2\/pages"}],"about":[{"href":"https:\/\/physiozentrum-huether.de\/index.php?rest_route=\/wp\/v2\/types\/page"}],"author":[{"embeddable":true,"href":"https:\/\/physiozentrum-huether.de\/index.php?rest_route=\/wp\/v2\/users\/1"}],"replies":[{"embeddable":true,"href":"https:\/\/physiozentrum-huether.de\/index.php?rest_route=%2Fwp%2Fv2%2Fcomments&post=481"}],"version-history":[{"count":78,"href":"https:\/\/physiozentrum-huether.de\/index.php?rest_route=\/wp\/v2\/pages\/481\/revisions"}],"predecessor-version":[{"id":800,"href":"https:\/\/physiozentrum-huether.de\/index.php?rest_route=\/wp\/v2\/pages\/481\/revisions\/800"}],"wp:attachment":[{"href":"https:\/\/physiozentrum-huether.de\/index.php?rest_route=%2Fwp%2Fv2%2Fmedia&parent=481"}],"curies":[{"name":"wp","href":"https:\/\/api.w.org\/{rel}","templated":true}]}}