{"id":701,"date":"2022-03-30T06:52:01","date_gmt":"2022-03-30T06:52:01","guid":{"rendered":"https:\/\/physiozentrum-huether.de\/?page_id=701"},"modified":"2025-11-17T13:31:37","modified_gmt":"2025-11-17T13:31:37","slug":"karriere","status":"publish","type":"page","link":"https:\/\/physiozentrum-huether.de\/?page_id=701","title":{"rendered":"Karriere"},"content":{"rendered":"<div id='full_slider_1' class='avia-fullwidth-slider main_color avia-shadow   avia-builder-el-0  el_before_av_one_full  avia-builder-el-first   container_wrap fullsize' style=' '  ><div  data-size='featured_large'  data-lightbox_size='large'  data-animation='fade'  data-conditional_play=''  data-ids='717,715,716'  data-video_counter='0'  data-autoplay='false'  data-bg_slider='false'  data-slide_height=''  data-handle='av_slideshow_full'  data-interval='5'  data-class=' '  data-css_id=''  data-scroll_down=''  data-control_layout='av-control-minimal'  data-custom_markup=''  data-perma_caption=''  data-autoplay_stopper=''  data-image_attachment=''  data-min_height='0px'  data-src=''  data-position='top left'  data-repeat='no-repeat'  data-attach='scroll'  data-stretch=''  data-default-height='42'  class='avia-slideshow avia-slideshow-1  av-control-minimal av-default-height-applied avia-slideshow-featured_large av_slideshow_full   avia-fade-slider '  itemprop=\"image\" itemscope=\"itemscope\" itemtype=\"https:\/\/schema.org\/ImageObject\" ><ul class='avia-slideshow-inner ' style='padding-bottom: 42%;' ><li  class=' slide-1 ' ><div data-rel='slideshow-1' class='avia-slide-wrap '   ><img src='https:\/\/physiozentrum-huether.de\/wp-content\/uploads\/2022\/03\/Theke-1-Klein-1500x630.jpg' width='1500' height='630' title='Theke 1 Klein' alt=''  itemprop=\"thumbnailUrl\"   \/><\/div><\/li><li  class=' slide-2 ' ><div data-rel='slideshow-1' class='avia-slide-wrap '   ><img src='https:\/\/physiozentrum-huether.de\/wp-content\/uploads\/2022\/03\/Behandlung-1-klein-1500x630.jpg' width='1500' height='630' title='Behandlung 1 klein' alt=''  itemprop=\"thumbnailUrl\"   \/><\/div><\/li><li  class=' slide-3 ' ><div data-rel='slideshow-1' class='avia-slide-wrap '   ><img src='https:\/\/physiozentrum-huether.de\/wp-content\/uploads\/2022\/03\/Behandlung-2-klein-1500x630.jpg' width='1500' height='630' title='Behandlung 2 klein' alt=''  itemprop=\"thumbnailUrl\"   \/><\/div><\/li><\/ul><div class='avia-slideshow-arrows avia-slideshow-controls'><a href='#prev' class='prev-slide' aria-hidden='true' data-av_icon='\ue87c' data-av_iconfont='entypo-fontello'>Zur\u00fcck<\/a><a href='#next' class='next-slide' aria-hidden='true' data-av_icon='\ue87d' data-av_iconfont='entypo-fontello'>Weiter<\/a><\/div><div class='avia-slideshow-dots avia-slideshow-controls'><a href='#1' class='goto-slide active' >1<\/a><a href='#2' class='goto-slide ' >2<\/a><a href='#3' class='goto-slide ' >3<\/a><\/div><\/div><\/div><div id='after_full_slider_1' class='main_color av_default_container_wrap container_wrap fullsize' style=' '  ><div class='container' ><div class='template-page content  av-content-full alpha units'><div class='post-entry post-entry-type-page post-entry-701'><div class='entry-content-wrapper clearfix'>\n<div class=\"flex_column av_one_full  flex_column_div av-zero-column-padding first  avia-builder-el-1  el_after_av_slideshow_full  el_before_av_one_fifth  avia-builder-el-first  \" style='border-radius:0px; '><p><div style='padding-bottom:10px; color:#78a82b;' class='av-special-heading av-special-heading-h1 custom-color-heading   avia-builder-el-2  el_before_av_textblock  avia-builder-el-first   '><h1 class='av-special-heading-tag '  itemprop=\"headline\"  >JOBANGEBOTE<\/h1><div class='special-heading-border'><div class='special-heading-inner-border' style='border-color:#78a82b'><\/div><\/div><\/div><br \/>\n<section class=\"av_textblock_section \"  itemscope=\"itemscope\" itemtype=\"https:\/\/schema.org\/CreativeWork\" ><div class='avia_textblock  '   itemprop=\"text\" ><p>Zur Verst\u00e4rkung unseres Teams, suchen wir Berufsneueinsteiger sowie berufserfahrene Therapeuten in Voll-, und Teilzeit, auf 450 Eurobasis oder nach individueller Planung und Absprache.<\/p>\n<p>Im Physiozentrum H\u00fcther betreuen wir unsere Kunden und Patienten mit einem ganzheitlichen, physiotherapeutischen Ansatz. Dies setzt ein gro\u00dfes Interesse und die n\u00f6tige Leidenschaft f\u00fcr dieses Berufsfeld voraus. Durch Teamwork, interne und externe Fortbildungen, sowie individuelle Befundung und Therapie, versuchen wir am Zahn der Zeit und mit altbew\u00e4hrten Ans\u00e4tzen uns selbst weiterzuentwickeln.<\/p>\n<p>Dadurch ergibt sich f\u00fcr unsere Kunden &#038; Patienten die von uns bestm\u00f6gliche und individuelle Ausgangssituation, lang-, oder kurzfristig etwas zu ver\u00e4ndern. Werde ein Teil unseres Teams, wenn Du offen f\u00fcr Ver\u00e4nderung und zukunftsorientiertes Arbeiten bist &#8211; und damit etwas bewegen m\u00f6chtest.<\/p>\n<\/div><\/section><\/p><\/div>\n<div class=\"flex_column av_one_fifth  flex_column_div av-zero-column-padding first  avia-builder-el-4  el_after_av_one_full  el_before_av_three_fifth  column-top-margin\" style='border-radius:0px; '><\/div>\n<div class=\"flex_column av_three_fifth  flex_column_div av-zero-column-padding   avia-builder-el-5  el_after_av_one_fifth  el_before_av_one_fifth  column-top-margin\" style='border-radius:0px; '><div class=\"togglecontainer   toggle_close_all  avia-builder-el-6  avia-builder-el-no-sibling  \" >\n<section class=\"av_toggle_section\"  itemscope=\"itemscope\" itemtype=\"https:\/\/schema.org\/CreativeWork\"  >    <div class=\"single_toggle\" data-tags=\"{Alle} \"  >        <p data-fake-id=\"#toggle-id-1\" class=\"toggler  hasCustomColor av-inherit-font-color \"  itemprop=\"headline\"  style='color: #000000; ' >Physiotherapeut (w\/m\/d)<span class=\"toggle_icon\" style='border-color:#000000;'>        <span class=\"vert_icon\"><\/span><span class=\"hor_icon\"><\/span><\/span><\/p>        <div id=\"toggle-id-1-container\" class=\"toggle_wrap \"  >            <div class=\"toggle_content invers-color  av-inherit-font-color \"  itemprop=\"text\"  style='color: #000000; ' ><p>Fortbildungen erw\u00fcnscht, aber keine Voraussetzung<\/p>\n<h4>Kontakt + Bewerbung<\/h4>\n<p>Ihre aussagekr\u00e4ftigen Bewerbungsunterlagen mit Ihrem fr\u00fchestm\u00f6glichen Eintrittstermin senden Sie bitte an<\/p>\n<p>Physiozentrum H\u00fcther<\/p>\n<p>Helmut-Weinmayer Str. 2<\/p>\n<p>85290 Geisenfeld<\/p>\n<p>oder info@physiozentrum-huether.de<\/p>\n            <\/div>        <\/div>    <\/div><\/section>\n<section class=\"av_toggle_section\"  itemscope=\"itemscope\" itemtype=\"https:\/\/schema.org\/CreativeWork\"  >    <div class=\"single_toggle\" data-tags=\"{Alle} \"  >        <p data-fake-id=\"#toggle-id-2\" class=\"toggler  hasCustomColor av-inherit-font-color \"  itemprop=\"headline\"  style='color: #000000; ' >Lymphdrainagetherapeut (w\/m\/d)<span class=\"toggle_icon\" style='border-color:#000000;'>        <span class=\"vert_icon\"><\/span><span class=\"hor_icon\"><\/span><\/span><\/p>        <div id=\"toggle-id-2-container\" class=\"toggle_wrap \"  >            <div class=\"toggle_content invers-color  av-inherit-font-color \"  itemprop=\"text\"  style='color: #000000; ' ><p>Fortbildungen erw\u00fcnscht, aber keine Voraussetzung<\/p>\n<h4>Kontakt + Bewerbung<\/h4>\n<p>Ihre aussagekr\u00e4ftigen Bewerbungsunterlagen mit Ihrem fr\u00fchestm\u00f6glichen Eintrittstermin senden Sie bitte an<\/p>\n<p>Physiozentrum H\u00fcther<\/p>\n<p>Helmut-Weinmayer Str. 2<\/p>\n<p>85290 Geisenfeld<\/p>\n<p>oder info@physiozentrum-huether.de<\/p>\n            <\/div>        <\/div>    <\/div><\/section>\n<section class=\"av_toggle_section\"  itemscope=\"itemscope\" itemtype=\"https:\/\/schema.org\/CreativeWork\"  >    <div class=\"single_toggle\" data-tags=\"{Alle} \"  >        <p data-fake-id=\"#toggle-id-3\" class=\"toggler  hasCustomColor av-inherit-font-color \"  itemprop=\"headline\"  style='color: #000000; ' >Med. Bademeister\/in Masseur\/in (w\/m\/d)<span class=\"toggle_icon\" style='border-color:#000000;'>        <span class=\"vert_icon\"><\/span><span class=\"hor_icon\"><\/span><\/span><\/p>        <div id=\"toggle-id-3-container\" class=\"toggle_wrap \"  >            <div class=\"toggle_content invers-color  av-inherit-font-color \"  itemprop=\"text\"  style='color: #000000; ' ><p>Fortbildungen erw\u00fcnscht, aber keine Voraussetzung<\/p>\n<h4>Kontakt + Bewerbung<\/h4>\n<p>Ihre aussagekr\u00e4ftigen Bewerbungsunterlagen mit Ihrem fr\u00fchestm\u00f6glichen Eintrittstermin senden Sie bitte an<\/p>\n<p>Physiozentrum H\u00fcther<\/p>\n<p>Helmut-Weinmayer Str. 2<\/p>\n<p>85290 Geisenfeld<\/p>\n<p>oder info@physiozentrum-huether.de<\/p>\n            <\/div>        <\/div>    <\/div><\/section>\n<section class=\"av_toggle_section\"  itemscope=\"itemscope\" itemtype=\"https:\/\/schema.org\/CreativeWork\"  >    <div class=\"single_toggle\" data-tags=\"{Alle} \"  >        <p data-fake-id=\"#toggle-id-4\" class=\"toggler  hasCustomColor av-inherit-font-color \"  itemprop=\"headline\"  style='color: #000000; ' >Rezeptionsfachkraft<span class=\"toggle_icon\" style='border-color:#000000;'>        <span class=\"vert_icon\"><\/span><span class=\"hor_icon\"><\/span><\/span><\/p>        <div id=\"toggle-id-4-container\" class=\"toggle_wrap \"  >            <div class=\"toggle_content invers-color  av-inherit-font-color \"  itemprop=\"text\"  style='color: #000000; ' ><p>Fortbildungen erw\u00fcnscht, aber keine Voraussetzung<\/p>\n<h4>Kontakt + Bewerbung<\/h4>\n<p>Ihre aussagekr\u00e4ftigen Bewerbungsunterlagen mit Ihrem fr\u00fchestm\u00f6glichen Eintrittstermin senden Sie bitte an<\/p>\n<p>Physiozentrum H\u00fcther<\/p>\n<p>Helmut-Weinmayer Str. 2<\/p>\n<p>85290 Geisenfeld<\/p>\n<p>oder info@physiozentrum-huether.de<\/p>\n            <\/div>        <\/div>    <\/div><\/section>\n<\/div><\/div><div class=\"flex_column av_one_fifth  flex_column_div av-zero-column-padding   avia-builder-el-7  el_after_av_three_fifth  el_before_av_one_full  column-top-margin\" style='border-radius:0px; '><\/div><\/p>\n<div class=\"flex_column av_one_full  flex_column_div av-zero-column-padding first  avia-builder-el-8  el_after_av_one_fifth  avia-builder-el-last  column-top-margin\" style='border-radius:0px; '><section class=\"av_textblock_section \"  itemscope=\"itemscope\" itemtype=\"https:\/\/schema.org\/CreativeWork\" ><div class='avia_textblock  '   itemprop=\"text\" ><h2>DAS BIETEN WIR:<\/h2>\n<h4>WILLKOMMENS- \/ WECHSEL-BONUS BIS ZU 2500 EURO<\/h4>\n<ul>\n<li>Unterst\u00fctzung bei der Anerkennung ausl\u00e4ndischer physiotherapeutischer Diplome<\/li>\n<li>Unterst\u00fctzung jeglicher Fortbildungen<\/li>\n<li>Kosten\u00fcbernahme f\u00fcr manuelle Therapie, Bobath \/ PNF und manuelle Lymphdrainage Ausbildungen<\/li>\n<li>Fortbildungsurlaub<\/li>\n<li>individuelle und flexible Arbeitszeiten mit guter Entlohnung<\/li>\n<li>unbefristetes Arbeitsverh\u00e4ltnis mit steigender Entlohnung<\/li>\n<li>gro\u00dfe, helle und geschlossene Therapier\u00e4ume (klimatisiert, bel\u00fcftet)<\/li>\n<li>angegliedertes Gesundheitsstudio mit 1000 qm Trainingsfl\u00e4che<\/li>\n<li>Teammeetings, interne Fortbildungen in aufgeschlossenem und hilfsbereitem Team<\/li>\n<li>Trainer\/ Kursleitert\u00e4tigkeit im Studio m\u00f6glich<\/li>\n<\/ul>\n<p>Interessiert? Kontaktiere uns \u00fcber <a href=\"mailto:info@physiozentrum-huether.de\">info@physiozentrum-huether.de<\/a> und stelle Dich unserem Team vor, damit wir Dich und Dein Talent im Bereich der Physiotherapie kennenlernen k\u00f6nnen. Wir freuen uns auf Deine Bewerbung und ein pers\u00f6nliches Gespr\u00e4ch in unserer Praxis.<\/p>\n<\/div><\/section><\/div>\n","protected":false},"excerpt":{"rendered":"","protected":false},"author":1,"featured_media":0,"parent":0,"menu_order":0,"comment_status":"closed","ping_status":"closed","template":"","meta":{"footnotes":""},"class_list":["post-701","page","type-page","status-publish","hentry"],"_links":{"self":[{"href":"https:\/\/physiozentrum-huether.de\/index.php?rest_route=\/wp\/v2\/pages\/701","targetHints":{"allow":["GET"]}}],"collection":[{"href":"https:\/\/physiozentrum-huether.de\/index.php?rest_route=\/wp\/v2\/pages"}],"about":[{"href":"https:\/\/physiozentrum-huether.de\/index.php?rest_route=\/wp\/v2\/types\/page"}],"author":[{"embeddable":true,"href":"https:\/\/physiozentrum-huether.de\/index.php?rest_route=\/wp\/v2\/users\/1"}],"replies":[{"embeddable":true,"href":"https:\/\/physiozentrum-huether.de\/index.php?rest_route=%2Fwp%2Fv2%2Fcomments&post=701"}],"version-history":[{"count":13,"href":"https:\/\/physiozentrum-huether.de\/index.php?rest_route=\/wp\/v2\/pages\/701\/revisions"}],"predecessor-version":[{"id":802,"href":"https:\/\/physiozentrum-huether.de\/index.php?rest_route=\/wp\/v2\/pages\/701\/revisions\/802"}],"wp:attachment":[{"href":"https:\/\/physiozentrum-huether.de\/index.php?rest_route=%2Fwp%2Fv2%2Fmedia&parent=701"}],"curies":[{"name":"wp","href":"https:\/\/api.w.org\/{rel}","templated":true}]}}